{"id":416,"date":"2013-05-08T22:16:15","date_gmt":"2013-05-08T21:16:15","guid":{"rendered":"https:\/\/www.r4immigrationservices.com\/dienstleistungen\/"},"modified":"2013-05-08T22:16:15","modified_gmt":"2013-05-08T21:16:15","slug":"dienstleistungen","status":"publish","type":"page","link":"https:\/\/www.r4immigrationservices.com\/de\/dienstleistungen\/","title":{"rendered":"Dienstleistungen"},"content":{"rendered":"<p>Wir k\u00f6nnen Ihnen unterst\u00fctzen bei die folgenden Antragstellungs- und Anmeldungsverfahren:<\/p>\n<ul>\n<li>Visa und Genehmigungen:\n<ul>\n<li>Visa: kurzer \/ langer Aufenthalt<\/li>\n<li>Aufenthaltserlaubnisse &#038; Arbeitserlaubnisse:<\/li>\n<ul>\n<li>Hochqualifizierte Migranten<\/li>\n<li>Forscher (Richtlinie 2005\/71\/EG)<\/li>\n<li>Unternehmensinternen Transfers: Managers, Spezialisten, Trainees (Richtlinie 2014\/66\/EG)<\/li>\n<li>Blue Cards (Richtlinie 2009\/50\/EG)<\/li>\n<li>Praktikanten<\/li>\n<li>Familienangeh\u00f6rigen<\/li>\n<\/ul>\n<\/li>\n<li>Verl\u00e4ngerungen &#038; Genehmigungen auf unbestimmte Zeit<\/li>\n<li>Erlangung des Status als anerkannter Referent f\u00fcr Firmen<\/li>\n<li>Erlangung von Geburts- und Heiratsurkunden sowie andere ben\u00f6tigte Familienurkunden<\/li>\n<\/ul>\n<\/li>\n<\/ul>\n<ul>\n<li>Steuern \/ Sozialversicherung \/ Gesundheitsleistungen:\n<ul>\n<li>30% Steuerentscheidungen<\/li>\n<li>Diplom Bewertung<\/li>\n<li>Steuererkl\u00e4rungen<\/li>\n<li>A1 (E101) Erkl\u00e4rungen<\/li>\n<li>EHIC \/ S1 (E106) Erkl\u00e4rungen<\/li>\n<\/ul>\n<\/li>\n<\/ul>\n<ul>\n<li>Lokale Formalit\u00e4ten:\n<ul>\n<li>An-und Abmeldung (Ausl\u00e4nderbeh\u00f6rde, Rathaus und der Lungenfacharzt des \u00f6rtlichen GGD\u2019s)<\/li>\n<li>Umtauschen eines ausl\u00e4ndischen F\u00fchrerscheins in ein niederl\u00e4ndisches F\u00fchrerschein<\/li>\n<li>Erlangung eines Sozialversicherungsnummer, eines DiGiD, eines Bankkontos und einer Krankenversicherung<\/li>\n<\/ul>\n<\/li>\n<\/ul>\n<p>Wir k\u00f6nnen Ihnen auch mit Folgendem helfen:<\/p>\n<ul>\n<li>Beratung zu EU-Recht und Rechtsprechung zum freien Dienstleistungsverkehr<\/li>\n<li>Unterst\u00fctzung bei der Gr\u00fcndung eines Unternehmens in den Niederlanden<\/li>\n<li>Seminare zum niederl\u00e4ndischen Zuwanderungsgesetz<\/li>\n<li>Koordination internationaler Versetzungen<\/li>\n<\/ul>\n<p>Bitte  <a href=\"http:\/\/www.r4immigrationservices.com\/contact\/\">kontaktieren Sie uns<\/a> um ein kostenloses und unverbindliches Angebot zu erhalten.<\/p>\n","protected":false},"excerpt":{"rendered":"<p>Wir k\u00f6nnen Ihnen unterst\u00fctzen bei die folgenden Antragstellungs- und Anmeldungsverfahren: Visa und Genehmigungen: Visa: kurzer \/ langer Aufenthalt Aufenthaltserlaubnisse &#038; Arbeitserlaubnisse: Hochqualifizierte Migranten Forscher (Richtlinie 2005\/71\/EG) Unternehmensinternen Transfers: Managers, Spezialisten, Trainees (Richtlinie 2014\/66\/EG) Blue Cards (Richtlinie 2009\/50\/EG) Praktikanten Familienangeh\u00f6rigen Verl\u00e4ngerungen &#038; Genehmigungen auf unbestimmte Zeit Erlangung des Status als anerkannter Referent f\u00fcr Firmen Erlangung von [&hellip;]<\/p>\n","protected":false},"author":1,"featured_media":0,"parent":0,"menu_order":3,"comment_status":"closed","ping_status":"closed","template":"page.php","meta":{"_aioseop_title":"","_aioseop_description":"","footnotes":""},"_links":{"self":[{"href":"https:\/\/www.r4immigrationservices.com\/de\/wp-json\/wp\/v2\/pages\/416"}],"collection":[{"href":"https:\/\/www.r4immigrationservices.com\/de\/wp-json\/wp\/v2\/pages"}],"about":[{"href":"https:\/\/www.r4immigrationservices.com\/de\/wp-json\/wp\/v2\/types\/page"}],"author":[{"embeddable":true,"href":"https:\/\/www.r4immigrationservices.com\/de\/wp-json\/wp\/v2\/users\/1"}],"replies":[{"embeddable":true,"href":"https:\/\/www.r4immigrationservices.com\/de\/wp-json\/wp\/v2\/comments?post=416"}],"version-history":[{"count":0,"href":"https:\/\/www.r4immigrationservices.com\/de\/wp-json\/wp\/v2\/pages\/416\/revisions"}],"wp:attachment":[{"href":"https:\/\/www.r4immigrationservices.com\/de\/wp-json\/wp\/v2\/media?parent=416"}],"curies":[{"name":"wp","href":"https:\/\/api.w.org\/{rel}","templated":true}]}}