{"id":413,"date":"2013-05-08T22:15:57","date_gmt":"2013-05-08T21:15:57","guid":{"rendered":"https:\/\/www.r4immigrationservices.com\/uber\/"},"modified":"2013-05-08T22:15:57","modified_gmt":"2013-05-08T21:15:57","slug":"uber","status":"publish","type":"page","link":"https:\/\/www.r4immigrationservices.com\/de\/uber\/","title":{"rendered":"\u00dcber"},"content":{"rendered":"<p>R4 Immigration Services wurde Anfang 2013 gegr\u00fcndet und wird von Andr\u00e9 Rekers LLM gemanagt. Andr\u00e9 absolvierte sein Jurastudium an der Radboud Universit\u00e4t Nijmegen und der Universit\u00e4t Sheffield in Gro\u00dfbritannien. Nach seinem Master arbeitete er von 2007 bis 2013 in einen Relocation Unternehmen als Immigration Consultant, bevor er seine eigene rechtliche Beratung mit Schwerpunkt auf Niederl\u00e4ndischem Einwanderungs- und Arbeitsgesetz begon.<\/p>\n<p><em>Stichworte, die Andr\u00e9 am besten beschreiben sind: ein hohes Ma\u00df an Integrit\u00e4t, sympathisch, zielstrebig zuverl\u00e4ssig, l\u00f6sungsorientiert und mitf\u00fchlend. Ich erlange pers\u00f6nliche Zufriedenheit, indem ich meinen Klienten bei wichtigen Ereignissen im Leben helfe. Bei ihrer internationale Aufgabe schaffe ich Klarheit, die richtigen Erwartungen und reduziere ich Stress. Durch mein Studium in Gro\u00dfbritannien und meine langj\u00e4hrige Erfahrung wei\u00df ich, was ein grenz\u00fcberschreitender Umzug mit sich bringt, und kann mich in Expats mit all ihren Fragen und Herausforderungen hineinversetzen.<\/em><\/p>\n","protected":false},"excerpt":{"rendered":"<p>R4 Immigration Services wurde Anfang 2013 gegr\u00fcndet und wird von Andr\u00e9 Rekers LLM gemanagt. Andr\u00e9 absolvierte sein Jurastudium an der Radboud Universit\u00e4t Nijmegen und der Universit\u00e4t Sheffield in Gro\u00dfbritannien. Nach seinem Master arbeitete er von 2007 bis 2013 in einen Relocation Unternehmen als Immigration Consultant, bevor er seine eigene rechtliche Beratung mit Schwerpunkt auf Niederl\u00e4ndischem [&hellip;]<\/p>\n","protected":false},"author":1,"featured_media":0,"parent":0,"menu_order":2,"comment_status":"closed","ping_status":"closed","template":"page.php","meta":{"_aioseop_title":"","_aioseop_description":"","footnotes":""},"_links":{"self":[{"href":"https:\/\/www.r4immigrationservices.com\/de\/wp-json\/wp\/v2\/pages\/413"}],"collection":[{"href":"https:\/\/www.r4immigrationservices.com\/de\/wp-json\/wp\/v2\/pages"}],"about":[{"href":"https:\/\/www.r4immigrationservices.com\/de\/wp-json\/wp\/v2\/types\/page"}],"author":[{"embeddable":true,"href":"https:\/\/www.r4immigrationservices.com\/de\/wp-json\/wp\/v2\/users\/1"}],"replies":[{"embeddable":true,"href":"https:\/\/www.r4immigrationservices.com\/de\/wp-json\/wp\/v2\/comments?post=413"}],"version-history":[{"count":0,"href":"https:\/\/www.r4immigrationservices.com\/de\/wp-json\/wp\/v2\/pages\/413\/revisions"}],"wp:attachment":[{"href":"https:\/\/www.r4immigrationservices.com\/de\/wp-json\/wp\/v2\/media?parent=413"}],"curies":[{"name":"wp","href":"https:\/\/api.w.org\/{rel}","templated":true}]}}