{"id":410,"date":"2013-05-08T22:07:59","date_gmt":"2013-05-08T21:07:59","guid":{"rendered":"https:\/\/www.r4immigrationservices.com\/home\/"},"modified":"2013-05-08T22:07:59","modified_gmt":"2013-05-08T21:07:59","slug":"home","status":"publish","type":"page","link":"https:\/\/www.r4immigrationservices.com\/de\/","title":{"rendered":"Home"},"content":{"rendered":"<p>R4 Immigration Services ist ein global mobility consultancy unternehmen und ber\u00e4t Unternehmen bei der \u00dcbertragung hoch qualifizierte Mitarbeiter nach die Niederlande von innerhalb und au\u00dferhalb der EU (Expats). Wir helfen bei der Visa &#038; Genehmigungsantr\u00e4ge, die 30% Steuerentscheidungen und eine gro\u00dfe Anzahl weiterer Expat Themen. R4 Immigration Services bietet intelligente L\u00f6sungen, um sicherzustellen, dass Ihre Mitarbeiter reibungslos k\u00f6nnen anfangen zu arbeiten in den Niederlanden. Wir steigern Ihre Arbeitskr\u00e4ftepotenzial.<\/p>\n<p>Durch unsere jahrelange Erfahrung kennen wir die geeigneten Wege durch das niederl\u00e4ndische Einwanderergesetz zu m\u00f6glichst raschem Arbeitsbeginn und stellen sicher, dass ihr Unternehmen den Anforderungen des geltenden Rechts gen\u00fcgt.<\/p>\n<p>Dar\u00fcber hinaus pflegen wir direkten Kontakt zu den zust\u00e4ndigen staatlichen Institutionen und verf\u00fcgen \u00fcber ein zuverl\u00e4ssiges Netzwerk in breit gef\u00e4cherten Bereichen um ihnen den bestm\u00f6glichen Service bieten zu k\u00f6nnen. Und das alles zu g\u00fcnstigen Tarifen.<\/p>\n","protected":false},"excerpt":{"rendered":"<p>R4 Immigration Services ist ein global mobility consultancy unternehmen und ber\u00e4t Unternehmen bei der \u00dcbertragung hoch qualifizierte Mitarbeiter nach die Niederlande von innerhalb und au\u00dferhalb der EU (Expats). Wir helfen bei der Visa &#038; Genehmigungsantr\u00e4ge, die 30% Steuerentscheidungen und eine gro\u00dfe Anzahl weiterer Expat Themen. R4 Immigration Services bietet intelligente L\u00f6sungen, um sicherzustellen, dass Ihre [&hellip;]<\/p>\n","protected":false},"author":2,"featured_media":0,"parent":0,"menu_order":1,"comment_status":"open","ping_status":"closed","template":"page.php","meta":{"_aioseop_title":"","_aioseop_description":"","footnotes":""},"_links":{"self":[{"href":"https:\/\/www.r4immigrationservices.com\/de\/wp-json\/wp\/v2\/pages\/410"}],"collection":[{"href":"https:\/\/www.r4immigrationservices.com\/de\/wp-json\/wp\/v2\/pages"}],"about":[{"href":"https:\/\/www.r4immigrationservices.com\/de\/wp-json\/wp\/v2\/types\/page"}],"author":[{"embeddable":true,"href":"https:\/\/www.r4immigrationservices.com\/de\/wp-json\/wp\/v2\/users\/2"}],"replies":[{"embeddable":true,"href":"https:\/\/www.r4immigrationservices.com\/de\/wp-json\/wp\/v2\/comments?post=410"}],"version-history":[{"count":0,"href":"https:\/\/www.r4immigrationservices.com\/de\/wp-json\/wp\/v2\/pages\/410\/revisions"}],"wp:attachment":[{"href":"https:\/\/www.r4immigrationservices.com\/de\/wp-json\/wp\/v2\/media?parent=410"}],"curies":[{"name":"wp","href":"https:\/\/api.w.org\/{rel}","templated":true}]}}